{"id":3,"date":"2025-07-18T17:52:51","date_gmt":"2025-07-18T15:52:51","guid":{"rendered":"https:\/\/www.itgwada.com\/?page_id=3"},"modified":"2025-07-21T16:38:21","modified_gmt":"2025-07-21T14:38:21","slug":"politique-de-confidentialite","status":"publish","type":"page","link":"https:\/\/www.itgwada.com\/en\/politique-de-confidentialite\/","title":{"rendered":"Privacy Policy"},"content":{"rendered":"<h2 class=\"wp-block-heading\">Qui sommes-nous&nbsp;?<\/h2>\n\n\n\n<p>L\u2019adresse de notre site est\u00a0: https:\/\/www.itgwada.com.<\/p>\n\n\n\n<h2 class=\"wp-block-heading\">Contenu embarqu\u00e9 depuis d\u2019autres sites<\/h2>\n\n\n\n<p>Les articles de ce site peuvent inclure des contenus int\u00e9gr\u00e9s (par exemple des vid\u00e9os, images, articles\u2026). Le contenu int\u00e9gr\u00e9 depuis d\u2019autres sites se comporte de la m\u00eame mani\u00e8re que si le visiteur se rendait sur cet autre site.<\/p>\n\n\n\n<p>Ces sites web pourraient collecter des donn\u00e9es sur vous, utiliser des cookies, embarquer des outils de suivis tiers, suivre vos interactions avec ces contenus embarqu\u00e9s si vous disposez d\u2019un compte connect\u00e9 sur leur site web.<\/p>\n\n\n\n<h2 class=\"wp-block-heading\">Utilisation et transmission de vos donn\u00e9es personnelles<\/h2>\n\n\n\n<p>Aucune donn\u00e9e personnelle n&rsquo;est conserv\u00e9e sur le site, ni revendue \u00e0 des services tiers.<\/p>","protected":false},"excerpt":{"rendered":"<p>Qui sommes-nous&nbsp;? L\u2019adresse de notre site est\u00a0: https:\/\/www.itgwada.com. Contenu embarqu\u00e9 depuis d\u2019autres sites Les articles de ce site peuvent inclure des contenus int\u00e9gr\u00e9s (par exemple des vid\u00e9os, images, articles\u2026). Le contenu int\u00e9gr\u00e9 depuis d\u2019autres sites se comporte de la m\u00eame mani\u00e8re que si le visiteur se rendait sur cet autre site. Ces sites web pourraient [&hellip;]<\/p>","protected":false},"author":1,"featured_media":0,"parent":0,"menu_order":0,"comment_status":"closed","ping_status":"open","template":"","meta":{"footnotes":""},"class_list":["post-3","page","type-page","status-publish","hentry"],"yoast_head":"<!-- This site is optimized with the Yoast SEO plugin v26.5 - https:\/\/yoast.com\/wordpress\/plugins\/seo\/ -->\n<title>Politique de confidentialit\u00e9 - ITGwada<\/title>\n<meta name=\"robots\" content=\"index, follow, max-snippet:-1, max-image-preview:large, max-video-preview:-1\" \/>\n<link rel=\"canonical\" href=\"https:\/\/www.itgwada.com\/en\/politique-de-confidentialite\/\" \/>\n<meta property=\"og:locale\" content=\"en_US\" \/>\n<meta property=\"og:type\" content=\"article\" \/>\n<meta property=\"og:title\" content=\"Politique de confidentialit\u00e9 - ITGwada\" \/>\n<meta property=\"og:description\" content=\"Qui sommes-nous&nbsp;? L\u2019adresse de notre site est\u00a0: https:\/\/www.itgwada.com. Contenu embarqu\u00e9 depuis d\u2019autres sites Les articles de ce site peuvent inclure des contenus int\u00e9gr\u00e9s (par exemple des vid\u00e9os, images, articles\u2026). Le contenu int\u00e9gr\u00e9 depuis d\u2019autres sites se comporte de la m\u00eame mani\u00e8re que si le visiteur se rendait sur cet autre site. Ces sites web pourraient [&hellip;]\" \/>\n<meta property=\"og:url\" content=\"https:\/\/www.itgwada.com\/en\/politique-de-confidentialite\/\" \/>\n<meta property=\"og:site_name\" content=\"ITGwada\" \/>\n<meta property=\"article:modified_time\" content=\"2025-07-21T14:38:21+00:00\" \/>\n<meta name=\"twitter:card\" content=\"summary_large_image\" \/>\n<meta name=\"twitter:label1\" content=\"Est. reading time\" \/>\n\t<meta name=\"twitter:data1\" content=\"1 minute\" \/>\n<script type=\"application\/ld+json\" class=\"yoast-schema-graph\">{\"@context\":\"https:\/\/schema.org\",\"@graph\":[{\"@type\":\"WebPage\",\"@id\":\"https:\/\/www.itgwada.com\/politique-de-confidentialite\/\",\"url\":\"https:\/\/www.itgwada.com\/politique-de-confidentialite\/\",\"name\":\"Politique de confidentialit\u00e9 - ITGwada\",\"isPartOf\":{\"@id\":\"https:\/\/www.itgwada.com\/#website\"},\"datePublished\":\"2025-07-18T15:52:51+00:00\",\"dateModified\":\"2025-07-21T14:38:21+00:00\",\"breadcrumb\":{\"@id\":\"https:\/\/www.itgwada.com\/politique-de-confidentialite\/#breadcrumb\"},\"inLanguage\":\"en-US\",\"potentialAction\":[{\"@type\":\"ReadAction\",\"target\":[\"https:\/\/www.itgwada.com\/politique-de-confidentialite\/\"]}]},{\"@type\":\"BreadcrumbList\",\"@id\":\"https:\/\/www.itgwada.com\/politique-de-confidentialite\/#breadcrumb\",\"itemListElement\":[{\"@type\":\"ListItem\",\"position\":1,\"name\":\"Accueil\",\"item\":\"https:\/\/www.itgwada.com\/\"},{\"@type\":\"ListItem\",\"position\":2,\"name\":\"Politique de confidentialit\u00e9\"}]},{\"@type\":\"WebSite\",\"@id\":\"https:\/\/www.itgwada.com\/#website\",\"url\":\"https:\/\/www.itgwada.com\/\",\"name\":\"ITGwada\",\"description\":\"D\u00e9veloppement d&#039;applications web\",\"publisher\":{\"@id\":\"https:\/\/www.itgwada.com\/#organization\"},\"potentialAction\":[{\"@type\":\"SearchAction\",\"target\":{\"@type\":\"EntryPoint\",\"urlTemplate\":\"https:\/\/www.itgwada.com\/?s={search_term_string}\"},\"query-input\":{\"@type\":\"PropertyValueSpecification\",\"valueRequired\":true,\"valueName\":\"search_term_string\"}}],\"inLanguage\":\"en-US\"},{\"@type\":\"Organization\",\"@id\":\"https:\/\/www.itgwada.com\/#organization\",\"name\":\"ITGwada\",\"url\":\"https:\/\/www.itgwada.com\/\",\"logo\":{\"@type\":\"ImageObject\",\"inLanguage\":\"en-US\",\"@id\":\"https:\/\/www.itgwada.com\/#\/schema\/logo\/image\/\",\"url\":\"https:\/\/www.itgwada.com\/wp-content\/uploads\/2025\/07\/logo.png\",\"contentUrl\":\"https:\/\/www.itgwada.com\/wp-content\/uploads\/2025\/07\/logo.png\",\"width\":1500,\"height\":492,\"caption\":\"ITGwada\"},\"image\":{\"@id\":\"https:\/\/www.itgwada.com\/#\/schema\/logo\/image\/\"}}]}<\/script>\n<!-- \/ Yoast SEO plugin. -->","yoast_head_json":{"title":"Politique de confidentialit\u00e9 - ITGwada","robots":{"index":"index","follow":"follow","max-snippet":"max-snippet:-1","max-image-preview":"max-image-preview:large","max-video-preview":"max-video-preview:-1"},"canonical":"https:\/\/www.itgwada.com\/en\/politique-de-confidentialite\/","og_locale":"en_US","og_type":"article","og_title":"Politique de confidentialit\u00e9 - ITGwada","og_description":"Qui sommes-nous&nbsp;? L\u2019adresse de notre site est\u00a0: https:\/\/www.itgwada.com. Contenu embarqu\u00e9 depuis d\u2019autres sites Les articles de ce site peuvent inclure des contenus int\u00e9gr\u00e9s (par exemple des vid\u00e9os, images, articles\u2026). Le contenu int\u00e9gr\u00e9 depuis d\u2019autres sites se comporte de la m\u00eame mani\u00e8re que si le visiteur se rendait sur cet autre site. Ces sites web pourraient [&hellip;]","og_url":"https:\/\/www.itgwada.com\/en\/politique-de-confidentialite\/","og_site_name":"ITGwada","article_modified_time":"2025-07-21T14:38:21+00:00","twitter_card":"summary_large_image","twitter_misc":{"Est. reading time":"1 minute"},"schema":{"@context":"https:\/\/schema.org","@graph":[{"@type":"WebPage","@id":"https:\/\/www.itgwada.com\/politique-de-confidentialite\/","url":"https:\/\/www.itgwada.com\/politique-de-confidentialite\/","name":"Politique de confidentialit\u00e9 - ITGwada","isPartOf":{"@id":"https:\/\/www.itgwada.com\/#website"},"datePublished":"2025-07-18T15:52:51+00:00","dateModified":"2025-07-21T14:38:21+00:00","breadcrumb":{"@id":"https:\/\/www.itgwada.com\/politique-de-confidentialite\/#breadcrumb"},"inLanguage":"en-US","potentialAction":[{"@type":"ReadAction","target":["https:\/\/www.itgwada.com\/politique-de-confidentialite\/"]}]},{"@type":"BreadcrumbList","@id":"https:\/\/www.itgwada.com\/politique-de-confidentialite\/#breadcrumb","itemListElement":[{"@type":"ListItem","position":1,"name":"Accueil","item":"https:\/\/www.itgwada.com\/"},{"@type":"ListItem","position":2,"name":"Politique de confidentialit\u00e9"}]},{"@type":"WebSite","@id":"https:\/\/www.itgwada.com\/#website","url":"https:\/\/www.itgwada.com\/","name":"ITGwada","description":"Web applications development","publisher":{"@id":"https:\/\/www.itgwada.com\/#organization"},"potentialAction":[{"@type":"SearchAction","target":{"@type":"EntryPoint","urlTemplate":"https:\/\/www.itgwada.com\/?s={search_term_string}"},"query-input":{"@type":"PropertyValueSpecification","valueRequired":true,"valueName":"search_term_string"}}],"inLanguage":"en-US"},{"@type":"Organization","@id":"https:\/\/www.itgwada.com\/#organization","name":"ITGwada","url":"https:\/\/www.itgwada.com\/","logo":{"@type":"ImageObject","inLanguage":"en-US","@id":"https:\/\/www.itgwada.com\/#\/schema\/logo\/image\/","url":"https:\/\/www.itgwada.com\/wp-content\/uploads\/2025\/07\/logo.png","contentUrl":"https:\/\/www.itgwada.com\/wp-content\/uploads\/2025\/07\/logo.png","width":1500,"height":492,"caption":"ITGwada"},"image":{"@id":"https:\/\/www.itgwada.com\/#\/schema\/logo\/image\/"}}]}},"_links":{"self":[{"href":"https:\/\/www.itgwada.com\/en\/wp-json\/wp\/v2\/pages\/3","targetHints":{"allow":["GET"]}}],"collection":[{"href":"https:\/\/www.itgwada.com\/en\/wp-json\/wp\/v2\/pages"}],"about":[{"href":"https:\/\/www.itgwada.com\/en\/wp-json\/wp\/v2\/types\/page"}],"author":[{"embeddable":true,"href":"https:\/\/www.itgwada.com\/en\/wp-json\/wp\/v2\/users\/1"}],"replies":[{"embeddable":true,"href":"https:\/\/www.itgwada.com\/en\/wp-json\/wp\/v2\/comments?post=3"}],"version-history":[{"count":2,"href":"https:\/\/www.itgwada.com\/en\/wp-json\/wp\/v2\/pages\/3\/revisions"}],"predecessor-version":[{"id":140,"href":"https:\/\/www.itgwada.com\/en\/wp-json\/wp\/v2\/pages\/3\/revisions\/140"}],"wp:attachment":[{"href":"https:\/\/www.itgwada.com\/en\/wp-json\/wp\/v2\/media?parent=3"}],"curies":[{"name":"wp","href":"https:\/\/api.w.org\/{rel}","templated":true}]}}